{"id":56,"date":"2017-12-12T10:55:12","date_gmt":"2017-12-12T14:55:12","guid":{"rendered":"http:\/\/ayuntamiento.guineo\/transparencia\/?page_id=56"},"modified":"2022-06-01T14:02:58","modified_gmt":"2022-06-01T18:02:58","slug":"derechos-de-los-ciudadanos","status":"publish","type":"page","link":"https:\/\/ayuntamientosabanahiguero.gob.do\/transparencia\/derechos-de-los-ciudadanos\/","title":{"rendered":"Derechos de los Ciudadanos"},"content":{"rendered":"<p>El derecho de acceso a la informaci\u00f3n gubernamental es una de las fuentes de desarrollo y fortalecimiento de la democracia representativa en tanto permite a los ciudadanos analizar, juzgar y evaluar en forma completa los actos de sus representantes, y estimula la transparencia en los actos del Gobierno y de la Administraci\u00f3n. La\u00a0<b>Ley 200-04 de Libre Acceso a la Informaci\u00f3n P\u00fablica<\/b>\u00a0y su Reglamento de Aplicaci\u00f3n Garantizan a la ciudadan\u00eda sus derechos a:<\/p>\n<p><b>SOLICITAR.\u00a0<\/b>Informaci\u00f3n de cualquier \u00f3rgano del Estado Dominicano.<\/p>\n<p><b>RECIBIR<\/b>\u00a0informaci\u00f3n completa, veraz, adecuada y oportuna de cualquier \u00f3rgano del Estado Dominicano.<\/p>\n<p><b>ACCEDER<\/b>\u00a0de forma gratuita a la informaci\u00f3n, en tanto que no requiera reproducci\u00f3n de la misma. (Copias)<\/p>\n<p><b>SOLICITAR, RECIBIR y DIFUNDIR<\/b> informaciones pertenecientes a la administraci\u00f3n de la Junta del Distrito Municipal Sabana Hig\u00fcero.<\/p>\n<p><b>CONOCER<\/b>\u00a0los proyectos de reglamentos y otras disposiciones de car\u00e1cter general que rigen las relaciones entre los particulares y la administraci\u00f3n.<\/p>\n<p><b>OPINAR<\/b> sobre los proyectos de reglamentos y otras disposiciones de car\u00e1cter general que rigen las relaciones entre los particulares y la administraci\u00f3n de la Junta del Distrito Municipal Sabana Hig\u00fcero.<\/p>\n<p><b>OBTENER<\/b> informaci\u00f3n sobre los servicios que ofrece de la Junta del Distrito Municipal Sabana Hig\u00fcero y sus tarifas.<\/p>\n<p><b>SABER<\/b> sobre la estructura, integrantes, normativas de funcionamiento, proyectos, informes de gesti\u00f3n, y bases de datos de la administraci\u00f3n de la Junta del Distrito Municipal Sabana Hig\u00fcero.<\/p>\n<p><b>CONOCER<\/b> sobre los presupuestos y c\u00e1lculos de recursos y gastos aprobados, su evoluci\u00f3n y estado de ejecuci\u00f3n de la Junta del Distrito Municipal Sabana Hig\u00fcero.<\/p>\n<p><b>TENER<\/b>\u00a0informaci\u00f3n sobre los programas y proyectos, presupuestos, plazos, ejecuci\u00f3n y supervisi\u00f3n de la Junta del Distrito Municipal de Pantoja.<\/p>\n<p><b>ESTAR AL TANTO<\/b> sobre las licitaciones, concursos, compras, gastos y resultados de la Junta del Distrito Municipal Sabana Hig\u00fcero.<\/p>\n<p><b>ACCEDER<\/b> a la n\u00f3mina de la Junta del Distrito Municipal Sabana Hig\u00fcero y sus remuneraciones.<\/p>\n<p><b>CONOCER<\/b> la declaraci\u00f3n jurada patrimonial de los funcionarios de la Junta del Distrito Municipal Sabana Hig\u00fcero.<\/p>\n<p><b>RECIBIR<\/b> informaci\u00f3n sobre el listado de BENEFICIARIOS, subsidios, becas, jubilaciones, pensiones y retiros de la Junta del Distrito Municipal Sabana Hig\u00fcero.<\/p>\n<p><b>SABER<\/b> sobre el estado de cuentas de la deuda de la Junta del Distrito Municipal Sabana Hig\u00fcero, sus vencimientos y pagos.<\/p>\n<p><b>BUSCAR<\/b>\u00a0las leyes, decretos, resoluciones, disposiciones, marcos regulatorios y cualquier tipo de normativa.<\/p>\n<p><b>SOLICITAR Y RECIBIR<\/b> oportunamente cualquier tipo de documentaci\u00f3n financiera relativa al presupuesto de la Junta del Distrito Municipal Sabana Hig\u00fcero.<\/p>\n","protected":false},"excerpt":{"rendered":"El derecho de acceso a la informaci\u00f3n gubernamental es una de las fuentes de desarrollo y fortalecimiento de la democracia representativa en tanto permite a los ciudadanos analizar, juzgar y evaluar en forma completa los actos de sus representantes, y estimula la transparencia en los actos del Gobierno y de la Administraci\u00f3n. La\u00a0Ley 200-04 de&#8230;","protected":false},"author":1,"featured_media":0,"parent":0,"menu_order":0,"comment_status":"closed","ping_status":"closed","template":"","meta":[],"_links":{"self":[{"href":"https:\/\/ayuntamientosabanahiguero.gob.do\/transparencia\/wp-json\/wp\/v2\/pages\/56"}],"collection":[{"href":"https:\/\/ayuntamientosabanahiguero.gob.do\/transparencia\/wp-json\/wp\/v2\/pages"}],"about":[{"href":"https:\/\/ayuntamientosabanahiguero.gob.do\/transparencia\/wp-json\/wp\/v2\/types\/page"}],"author":[{"embeddable":true,"href":"https:\/\/ayuntamientosabanahiguero.gob.do\/transparencia\/wp-json\/wp\/v2\/users\/1"}],"replies":[{"embeddable":true,"href":"https:\/\/ayuntamientosabanahiguero.gob.do\/transparencia\/wp-json\/wp\/v2\/comments?post=56"}],"version-history":[{"count":2,"href":"https:\/\/ayuntamientosabanahiguero.gob.do\/transparencia\/wp-json\/wp\/v2\/pages\/56\/revisions"}],"predecessor-version":[{"id":419,"href":"https:\/\/ayuntamientosabanahiguero.gob.do\/transparencia\/wp-json\/wp\/v2\/pages\/56\/revisions\/419"}],"wp:attachment":[{"href":"https:\/\/ayuntamientosabanahiguero.gob.do\/transparencia\/wp-json\/wp\/v2\/media?parent=56"}],"curies":[{"name":"wp","href":"https:\/\/api.w.org\/{rel}","templated":true}]}}